{"id":3381,"date":"2025-12-05T16:42:55","date_gmt":"2025-12-05T16:42:55","guid":{"rendered":"https:\/\/cgmbuyers.com\/product\/sensor-unico-dexcom-g7-de-15-dias\/"},"modified":"2025-12-05T16:42:55","modified_gmt":"2025-12-05T16:42:55","slug":"sensor-unico-dexcom-g7-de-15-dias","status":"publish","type":"product","link":"https:\/\/cgmbuyers.com\/es\/producto\/sensor-unico-dexcom-g7-de-15-dias\/","title":{"rendered":"Sensor \u00fanico Dexcom G7 de 15 d\u00edas"},"content":{"rendered":"<div class=\"woocommerce-tabs wc-tabs-wrapper\">\n<div id=\"tab-description\" class=\"woocommerce-Tabs-panel woocommerce-Tabs-panel--description panel entry-content wc-tab\" role=\"tabpanel\" aria-labelledby=\"tab-title-description\">\n<p>\u00a1Solo se aceptar\u00e1n art\u00edculos caducados si caducaron durante el \u00faltimo a\u00f1o natural!<\/p>\n<\/div>\n<\/div>\n","protected":false},"excerpt":{"rendered":"<p>\u00a1Solo se aceptar\u00e1n art\u00edculos caducados si caducaron durante el \u00faltimo a\u00f1o natural!<\/p>\n","protected":false},"featured_media":3382,"comment_status":"open","ping_status":"closed","template":"","meta":[],"product_brand":[],"product_cat":[191,212],"product_tag":[],"class_list":{"0":"post-3381","1":"product","2":"type-product","3":"status-publish","4":"has-post-thumbnail","6":"product_cat-dexcom","7":"product_cat-sensor-dexcom-g7","9":"first","10":"instock","11":"shipping-taxable","12":"purchasable","13":"product-type-variable"},"yoast_head":"<!-- This site is optimized with the Yoast SEO plugin v26.6 - https:\/\/yoast.com\/wordpress\/plugins\/seo\/ -->\n<title>Sensor \u00fanico Dexcom G7 de 15 d\u00edas - CGM Buyers<\/title>\n<meta name=\"robots\" content=\"index, follow, max-snippet:-1, max-image-preview:large, max-video-preview:-1\" \/>\n<link rel=\"canonical\" href=\"https:\/\/cgmbuyers.com\/es\/producto\/sensor-unico-dexcom-g7-de-15-dias\/\" \/>\n<meta property=\"og:locale\" content=\"es_ES\" \/>\n<meta property=\"og:type\" content=\"article\" \/>\n<meta property=\"og:title\" content=\"Sensor \u00fanico Dexcom G7 de 15 d\u00edas - CGM Buyers\" \/>\n<meta property=\"og:description\" content=\"\u00a1Solo se aceptar\u00e1n art\u00edculos caducados si caducaron durante el \u00faltimo a\u00f1o natural!\" \/>\n<meta property=\"og:url\" content=\"https:\/\/cgmbuyers.com\/es\/producto\/sensor-unico-dexcom-g7-de-15-dias\/\" \/>\n<meta property=\"og:site_name\" content=\"CGM Buyers\" \/>\n<meta property=\"og:image\" content=\"https:\/\/cgmbuyers.com\/wp-content\/uploads\/2025\/12\/WhatsApp-Image-2025-12-05-at-11.00.45_5a59bf2e.jpg\" \/>\n\t<meta property=\"og:image:width\" content=\"790\" \/>\n\t<meta property=\"og:image:height\" content=\"451\" \/>\n\t<meta property=\"og:image:type\" content=\"image\/jpeg\" \/>\n<meta name=\"twitter:card\" content=\"summary_large_image\" \/>\n<!-- \/ Yoast SEO plugin. -->","yoast_head_json":{"title":"Sensor \u00fanico Dexcom G7 de 15 d\u00edas - CGM Buyers","robots":{"index":"index","follow":"follow","max-snippet":"max-snippet:-1","max-image-preview":"max-image-preview:large","max-video-preview":"max-video-preview:-1"},"canonical":"https:\/\/cgmbuyers.com\/es\/producto\/sensor-unico-dexcom-g7-de-15-dias\/","og_locale":"es_ES","og_type":"article","og_title":"Sensor \u00fanico Dexcom G7 de 15 d\u00edas - CGM Buyers","og_description":"\u00a1Solo se aceptar\u00e1n art\u00edculos caducados si caducaron durante el \u00faltimo a\u00f1o natural!","og_url":"https:\/\/cgmbuyers.com\/es\/producto\/sensor-unico-dexcom-g7-de-15-dias\/","og_site_name":"CGM Buyers","og_image":[{"width":790,"height":451,"url":"https:\/\/cgmbuyers.com\/wp-content\/uploads\/2025\/12\/WhatsApp-Image-2025-12-05-at-11.00.45_5a59bf2e.jpg","type":"image\/jpeg"}],"twitter_card":"summary_large_image","schema":{"@context":"https:\/\/schema.org","@graph":[{"@type":"WebPage","@id":"https:\/\/cgmbuyers.com\/es\/producto\/sensor-unico-dexcom-g7-de-15-dias\/","url":"https:\/\/cgmbuyers.com\/es\/producto\/sensor-unico-dexcom-g7-de-15-dias\/","name":"Sensor \u00fanico Dexcom G7 de 15 d\u00edas - CGM Buyers","isPartOf":{"@id":"https:\/\/cgmbuyers.com\/es\/#website"},"primaryImageOfPage":{"@id":"https:\/\/cgmbuyers.com\/es\/producto\/sensor-unico-dexcom-g7-de-15-dias\/#primaryimage"},"image":{"@id":"https:\/\/cgmbuyers.com\/es\/producto\/sensor-unico-dexcom-g7-de-15-dias\/#primaryimage"},"thumbnailUrl":"https:\/\/cgmbuyers.com\/wp-content\/uploads\/2025\/12\/WhatsApp-Image-2025-12-05-at-11.00.45_5a59bf2e.jpg","datePublished":"2025-12-05T16:42:55+00:00","breadcrumb":{"@id":"https:\/\/cgmbuyers.com\/es\/producto\/sensor-unico-dexcom-g7-de-15-dias\/#breadcrumb"},"inLanguage":"es","potentialAction":[{"@type":"ReadAction","target":["https:\/\/cgmbuyers.com\/es\/producto\/sensor-unico-dexcom-g7-de-15-dias\/"]}]},{"@type":"ImageObject","inLanguage":"es","@id":"https:\/\/cgmbuyers.com\/es\/producto\/sensor-unico-dexcom-g7-de-15-dias\/#primaryimage","url":"https:\/\/cgmbuyers.com\/wp-content\/uploads\/2025\/12\/WhatsApp-Image-2025-12-05-at-11.00.45_5a59bf2e.jpg","contentUrl":"https:\/\/cgmbuyers.com\/wp-content\/uploads\/2025\/12\/WhatsApp-Image-2025-12-05-at-11.00.45_5a59bf2e.jpg","width":790,"height":451},{"@type":"BreadcrumbList","@id":"https:\/\/cgmbuyers.com\/es\/producto\/sensor-unico-dexcom-g7-de-15-dias\/#breadcrumb","itemListElement":[{"@type":"ListItem","position":1,"name":"Home","item":"https:\/\/cgmbuyers.com\/es\/"},{"@type":"ListItem","position":2,"name":"Productos","item":"https:\/\/cgmbuyers.com\/es\/shop\/"},{"@type":"ListItem","position":3,"name":"Sensor \u00fanico Dexcom G7 de 15 d\u00edas"}]},{"@type":"WebSite","@id":"https:\/\/cgmbuyers.com\/es\/#website","url":"https:\/\/cgmbuyers.com\/es\/","name":"CGM Buyers","description":"","publisher":{"@id":"https:\/\/cgmbuyers.com\/es\/#organization"},"potentialAction":[{"@type":"SearchAction","target":{"@type":"EntryPoint","urlTemplate":"https:\/\/cgmbuyers.com\/es\/?s={search_term_string}"},"query-input":{"@type":"PropertyValueSpecification","valueRequired":true,"valueName":"search_term_string"}}],"inLanguage":"es"},{"@type":"Organization","@id":"https:\/\/cgmbuyers.com\/es\/#organization","name":"CGM Buyers","url":"https:\/\/cgmbuyers.com\/es\/","logo":{"@type":"ImageObject","inLanguage":"es","@id":"https:\/\/cgmbuyers.com\/es\/#\/schema\/logo\/image\/","url":"https:\/\/cgmbuyers.com\/wp-content\/uploads\/2025\/07\/cgm-buyers-logo.png","contentUrl":"https:\/\/cgmbuyers.com\/wp-content\/uploads\/2025\/07\/cgm-buyers-logo.png","width":1200,"height":811,"caption":"CGM Buyers"},"image":{"@id":"https:\/\/cgmbuyers.com\/es\/#\/schema\/logo\/image\/"}}]}},"_links":{"self":[{"href":"https:\/\/cgmbuyers.com\/es\/wp-json\/wp\/v2\/product\/3381","targetHints":{"allow":["GET"]}}],"collection":[{"href":"https:\/\/cgmbuyers.com\/es\/wp-json\/wp\/v2\/product"}],"about":[{"href":"https:\/\/cgmbuyers.com\/es\/wp-json\/wp\/v2\/types\/product"}],"replies":[{"embeddable":true,"href":"https:\/\/cgmbuyers.com\/es\/wp-json\/wp\/v2\/comments?post=3381"}],"wp:featuredmedia":[{"embeddable":true,"href":"https:\/\/cgmbuyers.com\/es\/wp-json\/wp\/v2\/media\/3382"}],"wp:attachment":[{"href":"https:\/\/cgmbuyers.com\/es\/wp-json\/wp\/v2\/media?parent=3381"}],"wp:term":[{"taxonomy":"product_brand","embeddable":true,"href":"https:\/\/cgmbuyers.com\/es\/wp-json\/wp\/v2\/product_brand?post=3381"},{"taxonomy":"product_cat","embeddable":true,"href":"https:\/\/cgmbuyers.com\/es\/wp-json\/wp\/v2\/product_cat?post=3381"},{"taxonomy":"product_tag","embeddable":true,"href":"https:\/\/cgmbuyers.com\/es\/wp-json\/wp\/v2\/product_tag?post=3381"}],"curies":[{"name":"wp","href":"https:\/\/api.w.org\/{rel}","templated":true}]}}