{"id":3184,"date":"2025-12-29T13:59:02","date_gmt":"2025-12-29T13:59:02","guid":{"rendered":"https:\/\/cgmbuyers.com\/como-hacer-un-pedido\/"},"modified":"2026-02-11T11:01:11","modified_gmt":"2026-02-11T11:01:11","slug":"como-hacer-un-pedido","status":"publish","type":"page","link":"https:\/\/cgmbuyers.com\/es\/como-hacer-un-pedido\/","title":{"rendered":"C\u00f3mo hacer un pedido"},"content":{"rendered":"\t\t<div data-elementor-type=\"wp-page\" data-elementor-id=\"3184\" class=\"elementor elementor-3184 elementor-2369\" data-elementor-post-type=\"page\">\n\t\t\t\t<div class=\"elementor-element elementor-element-f5beb7c e-flex e-con-boxed e-con e-parent\" data-id=\"f5beb7c\" data-element_type=\"container\" data-settings=\"{&quot;background_background&quot;:&quot;classic&quot;}\">\n\t\t\t\t\t<div class=\"e-con-inner\">\n\t\t\t\t<div class=\"elementor-element elementor-element-e60972a elementor-widget elementor-widget-heading\" data-id=\"e60972a\" data-element_type=\"widget\" data-widget_type=\"heading.default\">\n\t\t\t\t\t<h1 class=\"elementor-heading-title elementor-size-default\">C\u00f3mo hacer un pedido<\/h1>\t\t\t\t<\/div>\n\t\t\t\t<div class=\"elementor-element elementor-element-94943b0 elementor-widget elementor-widget-woocommerce-breadcrumb\" data-id=\"94943b0\" data-element_type=\"widget\" data-widget_type=\"woocommerce-breadcrumb.default\">\n\t\t\t\t\t<nav class=\"woocommerce-breadcrumb\" aria-label=\"Breadcrumb\">Inicio<\/nav>\t\t\t\t<\/div>\n\t\t\t\t\t<\/div>\n\t\t\t\t<\/div>\n\t\t<div class=\"elementor-element elementor-element-9cb2f45 e-flex e-con-boxed e-con e-parent\" data-id=\"9cb2f45\" data-element_type=\"container\">\n\t\t\t\t\t<div class=\"e-con-inner\">\n\t\t\t\t<div class=\"elementor-element elementor-element-e3518fc elementor-widget elementor-widget-text-editor\" data-id=\"e3518fc\" data-element_type=\"widget\" data-widget_type=\"text-editor.default\">\n\t\t\t\t\t\t\t\t\t<h4>C\u00d3MO HACER UN PEDIDO, CALCULAR LOS INTERVALOS DE FECHAS Y EMBALAR EL PRODUCTO<\/h4>\t\t\t\t\t\t\t\t<\/div>\n\t\t\t\t<div class=\"elementor-element elementor-element-b649820 elementor-widget elementor-widget-text-editor\" data-id=\"b649820\" data-element_type=\"widget\" data-widget_type=\"text-editor.default\">\n\t\t\t\t\t\t\t\t\tNuestro sitio web funciona de forma muy parecida a las compras online, \u00a1solo que al final del proceso nosotros te pagamos!\t\t\t\t\t\t\t\t<\/div>\n\t\t\t\t\t<\/div>\n\t\t\t\t<\/div>\n\t\t<div class=\"elementor-element elementor-element-262c04c e-flex e-con-boxed e-con e-parent\" data-id=\"262c04c\" data-element_type=\"container\">\n\t\t\t\t\t<div class=\"e-con-inner\">\n\t\t\t\t<div class=\"elementor-element elementor-element-63a533b elementor-widget elementor-widget-text-editor\" data-id=\"63a533b\" data-element_type=\"widget\" data-widget_type=\"text-editor.default\">\n\t\t\t\t\t\t\t\t\t<h4>Aqu\u00ed tienes instrucciones paso a paso sobre c\u00f3mo hacer un pedido para vendernos:<\/h4>\t\t\t\t\t\t\t\t<\/div>\n\t\t\t\t<div class=\"elementor-element elementor-element-8924d59 elementor-widget elementor-widget-text-editor\" data-id=\"8924d59\" data-element_type=\"widget\" data-widget_type=\"text-editor.default\">\n\t\t\t\t\t\t\t\t\t<ol>\n \t<li>Localiza nuestra p\u00e1gina de Venta de Suministros. En esta p\u00e1gina encontrar\u00e1s todos los productos que compramos y los precios que pagamos por ellos, ordenados por empresa o categor\u00eda. <\/li>\n \t<li>Encuentra la categor\u00eda de producto que mejor se adapte al producto que tienes. Explora la p\u00e1gina de esa categor\u00eda para encontrar el producto espec\u00edfico que tienes. Puedes comparar lo que tienes con el nombre, la foto y\/o el SKU o el n\u00famero de referencia en la p\u00e1gina del producto.  <\/li>\n \t<li>Introduce la cantidad de producto que tienes asociada al intervalo de fechas que mejor se adapte a tu producto. Consulta las instrucciones siguientes sobre c\u00f3mo calcular el intervalo de fechas de tus productos. <\/li>\n \t<li>Una vez que hayas terminado de a\u00f1adir productos al carrito, puedes pulsar el peque\u00f1o icono del carrito de la compra en la esquina superior derecha de la pantalla. Pulsa en finalizar compra y ser\u00e1s enviado a la pantalla de pago. <\/li>\n \t<li>Rellena la p\u00e1gina de pago con tu informaci\u00f3n. Comprueba bien la informaci\u00f3n de pago, \u00a1porque queremos asegurarnos de que te paguen! Una vez que hayas terminado, \u00a1pulsa el bot\u00f3n de Recibir Pago!  <\/li>\n \t<li>Una vez que el sitio web haya terminado de procesar tu pedido, se cargar\u00e1 una p\u00e1gina de informaci\u00f3n. Esta p\u00e1gina contiene tu etiqueta de env\u00edo y el n\u00famero de pedido. Por favor, guarda esta informaci\u00f3n.  <\/li>\n<\/ol>\n\t\t\t\t\t\t\t\t<\/div>\n\t\t\t\t<div class=\"elementor-element elementor-element-991a0ef elementor-widget elementor-widget-text-editor\" data-id=\"991a0ef\" data-element_type=\"widget\" data-widget_type=\"text-editor.default\">\n\t\t\t\t\t\t\t\t\t<p>Una vez que tu pedido ha sido realizado, \u00a1lo \u00fanico que queda es enviar tu paquete!<\/p>\n\n<p>Una vez que recibamos tu paquete, lo procesaremos y te pagaremos en un d\u00eda laborable.<\/p>\n\t\t\t\t\t\t\t\t<\/div>\n\t\t\t\t\t<\/div>\n\t\t\t\t<\/div>\n\t\t<div class=\"elementor-element elementor-element-2c8fdd5 e-flex e-con-boxed e-con e-parent\" data-id=\"2c8fdd5\" data-element_type=\"container\">\n\t\t\t\t\t<div class=\"e-con-inner\">\n\t\t\t\t<div class=\"elementor-element elementor-element-37c3a91 elementor-widget elementor-widget-text-editor\" data-id=\"37c3a91\" data-element_type=\"widget\" data-widget_type=\"text-editor.default\">\n\t\t\t\t\t\t\t\t\t<h4>Algunas cosas a tener en cuenta al hacer y embalar un pedido:<\/h4>\t\t\t\t\t\t\t\t<\/div>\n\t\t\t\t<div class=\"elementor-element elementor-element-36b2c85 elementor-widget elementor-widget-text-editor\" data-id=\"36b2c85\" data-element_type=\"widget\" data-widget_type=\"text-editor.default\">\n\t\t\t\t\t\t\t\t\t<ol>\n \t<li>No aceptamos productos usados o abiertos.<\/li>\n \t<li>Esperamos que todos los productos est\u00e9n en perfecto estado cuando nos lleguen. Es probable que los productos que no est\u00e9n en perfecto estado reciban deducciones. <\/li>\n \t<li>Deja todas las etiquetas de prescripci\u00f3n y pegatinas en el producto y no las manipules (despegues, escribas sobre ellas, etc.), ya que esto podr\u00eda da\u00f1ar el producto.<\/li>\n \t<li>Empaqueta bien las cajas en cajas resistentes con buen material de env\u00edo (pl\u00e1stico de burbujas, papel, etc.) para mantener el producto seguro durante el transporte.<\/li>\n \t<li>No procesamos devoluciones.<\/li>\n<\/ol>\t\t\t\t\t\t\t\t<\/div>\n\t\t\t\t\t<\/div>\n\t\t\t\t<\/div>\n\t\t<div class=\"elementor-element elementor-element-cc40f95 e-flex e-con-boxed e-con e-parent\" data-id=\"cc40f95\" data-element_type=\"container\">\n\t\t\t\t\t<div class=\"e-con-inner\">\n\t\t\t\t<div class=\"elementor-element elementor-element-a349243 elementor-widget elementor-widget-text-editor\" data-id=\"a349243\" data-element_type=\"widget\" data-widget_type=\"text-editor.default\">\n\t\t\t\t\t\t\t\t\t<h4>Aqu\u00ed te explicamos c\u00f3mo calcular el intervalo de fechas de tu producto:<\/h4>\t\t\t\t\t\t\t\t<\/div>\n\t\t\t\t<div class=\"elementor-element elementor-element-36e0eeb elementor-widget elementor-widget-text-editor\" data-id=\"36e0eeb\" data-element_type=\"widget\" data-widget_type=\"text-editor.default\">\n\t\t\t\t\t\t\t\t\t<ol><li>Localiza la fecha de caducidad en tu producto.<\/li><li>El mes en que recibimos el producto es el mes CERO. Cuenta los meses empezando por el mes siguiente como mes UNO. <\/li><li>Cuenta hasta el mes que est\u00e1 registrado en la fecha de caducidad del producto.<\/li><li>Este n\u00famero es cu\u00e1ntos meses le quedan a tu producto.<\/li><\/ol>\t\t\t\t\t\t\t\t<\/div>\n\t\t\t\t\t<\/div>\n\t\t\t\t<\/div>\n\t\t<div class=\"elementor-element elementor-element-e8d1228 e-flex e-con-boxed e-con e-parent\" data-id=\"e8d1228\" data-element_type=\"container\">\n\t\t\t\t\t<div class=\"e-con-inner\">\n\t\t\t\t<div class=\"elementor-element elementor-element-2c452c2 elementor-widget elementor-widget-text-editor\" data-id=\"2c452c2\" data-element_type=\"widget\" data-widget_type=\"text-editor.default\">\n\t\t\t\t\t\t\t\t\t<h4>Aqu\u00ed tienes un EJEMPLO de c\u00f3mo calcular el intervalo de fechas de tu producto:<\/h4>\t\t\t\t\t\t\t\t<\/div>\n\t\t\t\t<div class=\"elementor-element elementor-element-1dee3fb elementor-widget elementor-widget-text-editor\" data-id=\"1dee3fb\" data-element_type=\"widget\" data-widget_type=\"text-editor.default\">\n\t\t\t\t\t\t\t\t\t<ol>\n \t<li>Sally tiene un sensor \u00fanico Dexcom G7 con la fecha de caducidad<img decoding=\"async\" class=\"emoji\" role=\"img\" draggable=\"false\" src=\"https:\/\/s.w.org\/images\/core\/emoji\/17.0.2\/svg\/23f3.svg\" alt=\"\u23f3\">2026-01-15<\/li>\n \t<li>La fecha actual es 2025-10-15<\/li>\n \t<li>Sally cuenta octubre (el mes actual) como mes CERO, noviembre como mes UNO, diciembre como mes DOS y enero como mes TRES.<\/li>\n \t<li>Sally ahora sabe que a su sensor \u00fanico Dexcom G7 le quedan 3 meses para caducar.<\/li>\n<\/ol>\t\t\t\t\t\t\t\t<\/div>\n\t\t\t\t\t<\/div>\n\t\t\t\t<\/div>\n\t\t\t\t<\/div>\n\t\t","protected":false},"excerpt":{"rendered":"<p>C\u00d3MO HACER UN PEDIDO, CALCULAR LOS INTERVALOS DE FECHAS Y EMBALAR EL PRODUCTO Nuestro sitio web funciona de forma muy parecida a las compras online, \u00a1solo que al final del proceso nosotros te pagamos! Aqu\u00ed tienes instrucciones paso a paso sobre c\u00f3mo hacer un pedido para vendernos: Localiza nuestra p\u00e1gina de Venta de Suministros. En [&hellip;]<\/p>\n","protected":false},"author":9,"featured_media":0,"parent":0,"menu_order":0,"comment_status":"closed","ping_status":"closed","template":"","meta":{"footnotes":""},"class_list":["post-3184","page","type-page","status-publish","hentry"],"yoast_head":"<!-- This site is optimized with the Yoast SEO plugin v26.6 - https:\/\/yoast.com\/wordpress\/plugins\/seo\/ -->\n<title>C\u00f3mo hacer un pedido - CGM Buyers<\/title>\n<meta name=\"robots\" content=\"index, follow, max-snippet:-1, max-image-preview:large, max-video-preview:-1\" \/>\n<link rel=\"canonical\" href=\"https:\/\/cgmbuyers.com\/es\/como-hacer-un-pedido\/\" \/>\n<meta property=\"og:locale\" content=\"es_ES\" \/>\n<meta property=\"og:type\" content=\"article\" \/>\n<meta property=\"og:title\" content=\"C\u00f3mo hacer un pedido - CGM Buyers\" \/>\n<meta property=\"og:description\" content=\"C\u00d3MO HACER UN PEDIDO, CALCULAR LOS INTERVALOS DE FECHAS Y EMBALAR EL PRODUCTO Nuestro sitio web funciona de forma muy parecida a las compras online, \u00a1solo que al final del proceso nosotros te pagamos! Aqu\u00ed tienes instrucciones paso a paso sobre c\u00f3mo hacer un pedido para vendernos: Localiza nuestra p\u00e1gina de Venta de Suministros. En [&hellip;]\" \/>\n<meta property=\"og:url\" content=\"https:\/\/cgmbuyers.com\/es\/como-hacer-un-pedido\/\" \/>\n<meta property=\"og:site_name\" content=\"CGM Buyers\" \/>\n<meta property=\"article:modified_time\" content=\"2026-02-11T11:01:11+00:00\" \/>\n<meta property=\"og:image\" content=\"https:\/\/s.w.org\/images\/core\/emoji\/17.0.2\/svg\/23f3.svg\" \/>\n<meta name=\"twitter:card\" content=\"summary_large_image\" \/>\n<meta name=\"twitter:label1\" content=\"Tiempo de lectura\" \/>\n\t<meta name=\"twitter:data1\" content=\"3 minutos\" \/>\n<!-- \/ Yoast SEO plugin. -->","yoast_head_json":{"title":"C\u00f3mo hacer un pedido - CGM Buyers","robots":{"index":"index","follow":"follow","max-snippet":"max-snippet:-1","max-image-preview":"max-image-preview:large","max-video-preview":"max-video-preview:-1"},"canonical":"https:\/\/cgmbuyers.com\/es\/como-hacer-un-pedido\/","og_locale":"es_ES","og_type":"article","og_title":"C\u00f3mo hacer un pedido - CGM Buyers","og_description":"C\u00d3MO HACER UN PEDIDO, CALCULAR LOS INTERVALOS DE FECHAS Y EMBALAR EL PRODUCTO Nuestro sitio web funciona de forma muy parecida a las compras online, \u00a1solo que al final del proceso nosotros te pagamos! Aqu\u00ed tienes instrucciones paso a paso sobre c\u00f3mo hacer un pedido para vendernos: Localiza nuestra p\u00e1gina de Venta de Suministros. En [&hellip;]","og_url":"https:\/\/cgmbuyers.com\/es\/como-hacer-un-pedido\/","og_site_name":"CGM Buyers","article_modified_time":"2026-02-11T11:01:11+00:00","og_image":[{"url":"https:\/\/s.w.org\/images\/core\/emoji\/17.0.2\/svg\/23f3.svg","type":"","width":"","height":""}],"twitter_card":"summary_large_image","twitter_misc":{"Tiempo de lectura":"3 minutos"},"schema":{"@context":"https:\/\/schema.org","@graph":[{"@type":"WebPage","@id":"https:\/\/cgmbuyers.com\/es\/como-hacer-un-pedido\/","url":"https:\/\/cgmbuyers.com\/es\/como-hacer-un-pedido\/","name":"C\u00f3mo hacer un pedido - CGM Buyers","isPartOf":{"@id":"https:\/\/cgmbuyers.com\/es\/#website"},"primaryImageOfPage":{"@id":"https:\/\/cgmbuyers.com\/es\/como-hacer-un-pedido\/#primaryimage"},"image":{"@id":"https:\/\/cgmbuyers.com\/es\/como-hacer-un-pedido\/#primaryimage"},"thumbnailUrl":"https:\/\/s.w.org\/images\/core\/emoji\/17.0.2\/svg\/23f3.svg","datePublished":"2025-12-29T13:59:02+00:00","dateModified":"2026-02-11T11:01:11+00:00","breadcrumb":{"@id":"https:\/\/cgmbuyers.com\/es\/como-hacer-un-pedido\/#breadcrumb"},"inLanguage":"es","potentialAction":[{"@type":"ReadAction","target":["https:\/\/cgmbuyers.com\/es\/como-hacer-un-pedido\/"]}]},{"@type":"ImageObject","inLanguage":"es","@id":"https:\/\/cgmbuyers.com\/es\/como-hacer-un-pedido\/#primaryimage","url":"https:\/\/s.w.org\/images\/core\/emoji\/17.0.2\/svg\/23f3.svg","contentUrl":"https:\/\/s.w.org\/images\/core\/emoji\/17.0.2\/svg\/23f3.svg"},{"@type":"BreadcrumbList","@id":"https:\/\/cgmbuyers.com\/es\/como-hacer-un-pedido\/#breadcrumb","itemListElement":[{"@type":"ListItem","position":1,"name":"Home","item":"https:\/\/cgmbuyers.com\/es\/"},{"@type":"ListItem","position":2,"name":"C\u00f3mo hacer un pedido"}]},{"@type":"WebSite","@id":"https:\/\/cgmbuyers.com\/es\/#website","url":"https:\/\/cgmbuyers.com\/es\/","name":"CGM Buyers","description":"","publisher":{"@id":"https:\/\/cgmbuyers.com\/es\/#organization"},"potentialAction":[{"@type":"SearchAction","target":{"@type":"EntryPoint","urlTemplate":"https:\/\/cgmbuyers.com\/es\/?s={search_term_string}"},"query-input":{"@type":"PropertyValueSpecification","valueRequired":true,"valueName":"search_term_string"}}],"inLanguage":"es"},{"@type":"Organization","@id":"https:\/\/cgmbuyers.com\/es\/#organization","name":"CGM Buyers","url":"https:\/\/cgmbuyers.com\/es\/","logo":{"@type":"ImageObject","inLanguage":"es","@id":"https:\/\/cgmbuyers.com\/es\/#\/schema\/logo\/image\/","url":"https:\/\/cgmbuyers.com\/wp-content\/uploads\/2025\/07\/cgm-buyers-logo.png","contentUrl":"https:\/\/cgmbuyers.com\/wp-content\/uploads\/2025\/07\/cgm-buyers-logo.png","width":1200,"height":811,"caption":"CGM Buyers"},"image":{"@id":"https:\/\/cgmbuyers.com\/es\/#\/schema\/logo\/image\/"}}]}},"_links":{"self":[{"href":"https:\/\/cgmbuyers.com\/es\/wp-json\/wp\/v2\/pages\/3184","targetHints":{"allow":["GET"]}}],"collection":[{"href":"https:\/\/cgmbuyers.com\/es\/wp-json\/wp\/v2\/pages"}],"about":[{"href":"https:\/\/cgmbuyers.com\/es\/wp-json\/wp\/v2\/types\/page"}],"author":[{"embeddable":true,"href":"https:\/\/cgmbuyers.com\/es\/wp-json\/wp\/v2\/users\/9"}],"replies":[{"embeddable":true,"href":"https:\/\/cgmbuyers.com\/es\/wp-json\/wp\/v2\/comments?post=3184"}],"version-history":[{"count":1,"href":"https:\/\/cgmbuyers.com\/es\/wp-json\/wp\/v2\/pages\/3184\/revisions"}],"predecessor-version":[{"id":3185,"href":"https:\/\/cgmbuyers.com\/es\/wp-json\/wp\/v2\/pages\/3184\/revisions\/3185"}],"wp:attachment":[{"href":"https:\/\/cgmbuyers.com\/es\/wp-json\/wp\/v2\/media?parent=3184"}],"curies":[{"name":"wp","href":"https:\/\/api.w.org\/{rel}","templated":true}]}}