{"id":3178,"date":"2025-07-11T19:11:52","date_gmt":"2025-07-11T19:11:52","guid":{"rendered":"https:\/\/cgmbuyers.com\/sobre-nosotros\/"},"modified":"2026-02-11T10:52:41","modified_gmt":"2026-02-11T10:52:41","slug":"sobre-nosotros","status":"publish","type":"page","link":"https:\/\/cgmbuyers.com\/es\/sobre-nosotros\/","title":{"rendered":"Sobre nosotros"},"content":{"rendered":"\t\t<div data-elementor-type=\"wp-page\" data-elementor-id=\"3178\" class=\"elementor elementor-3178 elementor-1048\" data-elementor-post-type=\"page\">\n\t\t\t\t<div class=\"elementor-element elementor-element-e65b8fe e-flex e-con-boxed e-con e-parent\" data-id=\"e65b8fe\" data-element_type=\"container\" data-settings=\"{&quot;background_background&quot;:&quot;classic&quot;}\">\n\t\t\t\t\t<div class=\"e-con-inner\">\n\t\t\t\t<div class=\"elementor-element elementor-element-0cf78b9 elementor-widget elementor-widget-heading\" data-id=\"0cf78b9\" data-element_type=\"widget\" data-widget_type=\"heading.default\">\n\t\t\t\t\t<h1 class=\"elementor-heading-title elementor-size-default\">Sobre nosotros<\/h1>\t\t\t\t<\/div>\n\t\t\t\t<div class=\"elementor-element elementor-element-4969394 elementor-widget elementor-widget-woocommerce-breadcrumb\" data-id=\"4969394\" data-element_type=\"widget\" data-widget_type=\"woocommerce-breadcrumb.default\">\n\t\t\t\t\t<nav class=\"woocommerce-breadcrumb\" aria-label=\"Breadcrumb\">Inicio<\/nav>\t\t\t\t<\/div>\n\t\t\t\t\t<\/div>\n\t\t\t\t<\/div>\n\t\t<div class=\"elementor-element elementor-element-2a48b5b e-flex e-con-boxed e-con e-parent\" data-id=\"2a48b5b\" data-element_type=\"container\">\n\t\t\t\t\t<div class=\"e-con-inner\">\n\t\t\t\t<div class=\"elementor-element elementor-element-15d56ea2 elementor-widget elementor-widget-text-editor\" data-id=\"15d56ea2\" data-element_type=\"widget\" data-widget_type=\"text-editor.default\">\n\t\t\t\t\t\t\t\t\t<p>Durante la \u00faltima d\u00e9cada, cgmbuyers.com ha trabajado con decenas de miles de diab\u00e9ticos en todo el pa\u00eds, proporcionando una fuente segura y fiable para la compra y venta de suministros para la diabetes. La diabetes est\u00e1 aumentando a un ritmo alarmante y sabemos por experiencia personal lo dif\u00edcil que es controlar la enfermedad. Tambi\u00e9n creemos que las personas tienen el derecho y la capacidad de controlar su enfermedad, junto con la asistencia de un m\u00e9dico.<\/p><p>Existimos porque los suministros m\u00e9dicos siempre tienen demanda. Los estadounidenses ya no tienen acceso a suministros asequibles. La consistencia ha desaparecido y la incertidumbre sigue creciendo. Somos una empresa independiente y hemos creado un mercado alternativo para comprar o vender tus suministros.<\/p><p>Nuestra plataforma de venta est\u00e1 totalmente automatizada para que puedas vender tus suministros con el m\u00ednimo tiempo y esfuerzo. Te proporcionamos una etiqueta de env\u00edo de devoluci\u00f3n gratuita para que env\u00edes tus suministros y liberamos todos los pagos en un plazo de 24 horas tras el procesamiento de tu paquete.<\/p><p> <\/p>\t\t\t\t\t\t\t\t<\/div>\n\t\t\t\t\t<\/div>\n\t\t\t\t<\/div>\n\t\t\t\t<\/div>\n\t\t","protected":false},"excerpt":{"rendered":"<p>Durante la \u00faltima d\u00e9cada, cgmbuyers.com ha trabajado con decenas de miles de diab\u00e9ticos en todo el pa\u00eds, proporcionando una fuente segura y fiable para la compra y venta de suministros para la diabetes. La diabetes est\u00e1 aumentando a un ritmo alarmante y sabemos por experiencia personal lo dif\u00edcil que es controlar la enfermedad. Tambi\u00e9n creemos [&hellip;]<\/p>\n","protected":false},"author":1,"featured_media":0,"parent":0,"menu_order":0,"comment_status":"closed","ping_status":"closed","template":"","meta":{"footnotes":""},"class_list":["post-3178","page","type-page","status-publish","hentry"],"yoast_head":"<!-- This site is optimized with the Yoast SEO plugin v26.6 - https:\/\/yoast.com\/wordpress\/plugins\/seo\/ -->\n<title>Sobre - CGM Buyers<\/title>\n<meta name=\"description\" content=\"Descubre por qu\u00e9 CGM Buyers es un comprador fiable de sensores Dexcom, Libre y Medtronic en todo Estados Unidos.\" \/>\n<meta name=\"robots\" content=\"index, follow, max-snippet:-1, max-image-preview:large, max-video-preview:-1\" \/>\n<link rel=\"canonical\" href=\"https:\/\/cgmbuyers.com\/es\/sobre-nosotros\/\" \/>\n<meta property=\"og:locale\" content=\"es_ES\" \/>\n<meta property=\"og:type\" content=\"article\" \/>\n<meta property=\"og:title\" content=\"Sobre - CGM Buyers\" \/>\n<meta property=\"og:description\" content=\"Descubre por qu\u00e9 CGM Buyers es un comprador fiable de sensores Dexcom, Libre y Medtronic en todo Estados Unidos.\" \/>\n<meta property=\"og:url\" content=\"https:\/\/cgmbuyers.com\/es\/sobre-nosotros\/\" \/>\n<meta property=\"og:site_name\" content=\"CGM Buyers\" \/>\n<meta property=\"article:modified_time\" content=\"2026-02-11T10:52:41+00:00\" \/>\n<meta property=\"og:image\" content=\"https:\/\/cgmbuyers.com\/wp-content\/uploads\/2025\/07\/Logo2.png\" \/>\n\t<meta property=\"og:image:width\" content=\"1200\" \/>\n\t<meta property=\"og:image:height\" content=\"811\" \/>\n\t<meta property=\"og:image:type\" content=\"image\/png\" \/>\n<meta name=\"twitter:card\" content=\"summary_large_image\" \/>\n<meta name=\"twitter:label1\" content=\"Tiempo de lectura\" \/>\n\t<meta name=\"twitter:data1\" content=\"1 minuto\" \/>\n<!-- \/ Yoast SEO plugin. -->","yoast_head_json":{"title":"Sobre - CGM Buyers","description":"Descubre por qu\u00e9 CGM Buyers es un comprador fiable de sensores Dexcom, Libre y Medtronic en todo Estados Unidos.","robots":{"index":"index","follow":"follow","max-snippet":"max-snippet:-1","max-image-preview":"max-image-preview:large","max-video-preview":"max-video-preview:-1"},"canonical":"https:\/\/cgmbuyers.com\/es\/sobre-nosotros\/","og_locale":"es_ES","og_type":"article","og_title":"Sobre - CGM Buyers","og_description":"Descubre por qu\u00e9 CGM Buyers es un comprador fiable de sensores Dexcom, Libre y Medtronic en todo Estados Unidos.","og_url":"https:\/\/cgmbuyers.com\/es\/sobre-nosotros\/","og_site_name":"CGM Buyers","article_modified_time":"2026-02-11T10:52:41+00:00","og_image":[{"width":1200,"height":811,"url":"https:\/\/cgmbuyers.com\/wp-content\/uploads\/2025\/07\/Logo2.png","type":"image\/png"}],"twitter_card":"summary_large_image","twitter_misc":{"Tiempo de lectura":"1 minuto"},"schema":{"@context":"https:\/\/schema.org","@graph":[{"@type":"WebPage","@id":"https:\/\/cgmbuyers.com\/es\/sobre-nosotros\/","url":"https:\/\/cgmbuyers.com\/es\/sobre-nosotros\/","name":"Sobre - CGM Buyers","isPartOf":{"@id":"https:\/\/cgmbuyers.com\/es\/#website"},"datePublished":"2025-07-11T19:11:52+00:00","dateModified":"2026-02-11T10:52:41+00:00","description":"Descubre por qu\u00e9 CGM Buyers es un comprador fiable de sensores Dexcom, Libre y Medtronic en todo Estados Unidos.","breadcrumb":{"@id":"https:\/\/cgmbuyers.com\/es\/sobre-nosotros\/#breadcrumb"},"inLanguage":"es","potentialAction":[{"@type":"ReadAction","target":["https:\/\/cgmbuyers.com\/es\/sobre-nosotros\/"]}]},{"@type":"BreadcrumbList","@id":"https:\/\/cgmbuyers.com\/es\/sobre-nosotros\/#breadcrumb","itemListElement":[{"@type":"ListItem","position":1,"name":"Home","item":"https:\/\/cgmbuyers.com\/es\/"},{"@type":"ListItem","position":2,"name":"Sobre nosotros"}]},{"@type":"WebSite","@id":"https:\/\/cgmbuyers.com\/es\/#website","url":"https:\/\/cgmbuyers.com\/es\/","name":"CGM Buyers","description":"","publisher":{"@id":"https:\/\/cgmbuyers.com\/es\/#organization"},"potentialAction":[{"@type":"SearchAction","target":{"@type":"EntryPoint","urlTemplate":"https:\/\/cgmbuyers.com\/es\/?s={search_term_string}"},"query-input":{"@type":"PropertyValueSpecification","valueRequired":true,"valueName":"search_term_string"}}],"inLanguage":"es"},{"@type":"Organization","@id":"https:\/\/cgmbuyers.com\/es\/#organization","name":"CGM Buyers","url":"https:\/\/cgmbuyers.com\/es\/","logo":{"@type":"ImageObject","inLanguage":"es","@id":"https:\/\/cgmbuyers.com\/es\/#\/schema\/logo\/image\/","url":"https:\/\/cgmbuyers.com\/wp-content\/uploads\/2025\/07\/cgm-buyers-logo.png","contentUrl":"https:\/\/cgmbuyers.com\/wp-content\/uploads\/2025\/07\/cgm-buyers-logo.png","width":1200,"height":811,"caption":"CGM Buyers"},"image":{"@id":"https:\/\/cgmbuyers.com\/es\/#\/schema\/logo\/image\/"}}]}},"_links":{"self":[{"href":"https:\/\/cgmbuyers.com\/es\/wp-json\/wp\/v2\/pages\/3178","targetHints":{"allow":["GET"]}}],"collection":[{"href":"https:\/\/cgmbuyers.com\/es\/wp-json\/wp\/v2\/pages"}],"about":[{"href":"https:\/\/cgmbuyers.com\/es\/wp-json\/wp\/v2\/types\/page"}],"author":[{"embeddable":true,"href":"https:\/\/cgmbuyers.com\/es\/wp-json\/wp\/v2\/users\/1"}],"replies":[{"embeddable":true,"href":"https:\/\/cgmbuyers.com\/es\/wp-json\/wp\/v2\/comments?post=3178"}],"version-history":[{"count":1,"href":"https:\/\/cgmbuyers.com\/es\/wp-json\/wp\/v2\/pages\/3178\/revisions"}],"predecessor-version":[{"id":3179,"href":"https:\/\/cgmbuyers.com\/es\/wp-json\/wp\/v2\/pages\/3178\/revisions\/3179"}],"wp:attachment":[{"href":"https:\/\/cgmbuyers.com\/es\/wp-json\/wp\/v2\/media?parent=3178"}],"curies":[{"name":"wp","href":"https:\/\/api.w.org\/{rel}","templated":true}]}}