{"id":3176,"date":"2025-07-11T19:10:13","date_gmt":"2025-07-11T19:10:13","guid":{"rendered":"https:\/\/cgmbuyers.com\/terminos-y-condiciones-de-los-sms\/"},"modified":"2026-02-11T10:51:55","modified_gmt":"2026-02-11T10:51:55","slug":"terminos-y-condiciones-de-los-sms","status":"publish","type":"page","link":"https:\/\/cgmbuyers.com\/es\/terminos-y-condiciones-de-los-sms\/","title":{"rendered":"T\u00e9rminos y condiciones de los SMS"},"content":{"rendered":"\t\t<div data-elementor-type=\"wp-page\" data-elementor-id=\"3176\" class=\"elementor elementor-3176 elementor-1043\" data-elementor-post-type=\"page\">\n\t\t\t\t<div class=\"elementor-element elementor-element-e65b8fe e-flex e-con-boxed e-con e-parent\" data-id=\"e65b8fe\" data-element_type=\"container\" data-settings=\"{&quot;background_background&quot;:&quot;classic&quot;}\">\n\t\t\t\t\t<div class=\"e-con-inner\">\n\t\t\t\t<div class=\"elementor-element elementor-element-0cf78b9 elementor-widget elementor-widget-heading\" data-id=\"0cf78b9\" data-element_type=\"widget\" data-widget_type=\"heading.default\">\n\t\t\t\t\t<h1 class=\"elementor-heading-title elementor-size-default\">T\u00e9rminos y condiciones de los SMS<\/h1>\t\t\t\t<\/div>\n\t\t\t\t<div class=\"elementor-element elementor-element-4969394 elementor-widget elementor-widget-woocommerce-breadcrumb\" data-id=\"4969394\" data-element_type=\"widget\" data-widget_type=\"woocommerce-breadcrumb.default\">\n\t\t\t\t\t<nav class=\"woocommerce-breadcrumb\" aria-label=\"Breadcrumb\">Inicio<\/nav>\t\t\t\t<\/div>\n\t\t\t\t\t<\/div>\n\t\t\t\t<\/div>\n\t\t<div class=\"elementor-element elementor-element-2a48b5b e-flex e-con-boxed e-con e-parent\" data-id=\"2a48b5b\" data-element_type=\"container\">\n\t\t\t\t\t<div class=\"e-con-inner\">\n\t\t\t\t<div class=\"elementor-element elementor-element-15d56ea2 elementor-widget elementor-widget-text-editor\" data-id=\"15d56ea2\" data-element_type=\"widget\" data-widget_type=\"text-editor.default\">\n\t\t\t\t\t\t\t\t\t<h4>Descripci\u00f3n del producto<\/h4>\nAl proporcionar tu n\u00famero de tel\u00e9fono m\u00f3vil, aceptas recibir mensajes SMS de CGM Buyers relacionados con actualizaciones y notificaciones de pedidos.\n<h4>Frecuencia de los mensajes<\/h4>\nLa frecuencia de los mensajes puede variar.\n<h4>Tarifas de mensajes y datos<\/h4>\nPueden aplicarse tarifas est\u00e1ndar de mensajes y datos, seg\u00fan tu operador.\n<h4>Exclusi\u00f3n voluntaria<\/h4>\nPuedes optar por no recibir mensajes SMS en cualquier momento respondiendo con \u00abSTOP\u00bb a cualquier mensaje SMS que recibas de nosotros. Despu\u00e9s de darte de baja, recibir\u00e1s un mensaje de confirmaci\u00f3n y dejaremos de enviar mensajes SMS a tu n\u00famero.\n<h4>Ayuda y soporte<\/h4>\nSi necesitas ayuda o tienes preguntas sobre nuestro servicio de SMS, responde con \u00abHELP\u00bb a cualquier mensaje SMS que recibas o ponte en contacto con nuestro equipo de atenci\u00f3n al cliente en el (908) 224-3047.\n<h4>Pol\u00edtica de privacidad<\/h4>\nTu n\u00famero de tel\u00e9fono se gestionar\u00e1 de acuerdo con nuestra Pol\u00edtica de privacidad. No compartimos el consentimiento de inclusi\u00f3n en SMS con terceros con fines de captaci\u00f3n.\t\t\t\t\t\t\t\t<\/div>\n\t\t\t\t\t<\/div>\n\t\t\t\t<\/div>\n\t\t\t\t<\/div>\n\t\t","protected":false},"excerpt":{"rendered":"<p>Descripci\u00f3n del producto Al proporcionar tu n\u00famero de tel\u00e9fono m\u00f3vil, aceptas recibir mensajes SMS de CGM Buyers relacionados con actualizaciones y notificaciones de pedidos. Frecuencia de los mensajes La frecuencia de los mensajes puede variar. Tarifas de mensajes y datos Pueden aplicarse tarifas est\u00e1ndar de mensajes y datos, seg\u00fan tu operador. Exclusi\u00f3n voluntaria Puedes optar [&hellip;]<\/p>\n","protected":false},"author":1,"featured_media":0,"parent":0,"menu_order":0,"comment_status":"closed","ping_status":"closed","template":"","meta":{"footnotes":""},"class_list":["post-3176","page","type-page","status-publish","hentry"],"yoast_head":"<!-- This site is optimized with the Yoast SEO plugin v26.6 - https:\/\/yoast.com\/wordpress\/plugins\/seo\/ -->\n<title>T\u00e9rminos y condiciones de los SMS - CGM Buyers<\/title>\n<meta name=\"robots\" content=\"index, follow, max-snippet:-1, max-image-preview:large, max-video-preview:-1\" \/>\n<link rel=\"canonical\" href=\"https:\/\/cgmbuyers.com\/es\/terminos-y-condiciones-de-los-sms\/\" \/>\n<meta property=\"og:locale\" content=\"es_ES\" \/>\n<meta property=\"og:type\" content=\"article\" \/>\n<meta property=\"og:title\" content=\"T\u00e9rminos y condiciones de los SMS - CGM Buyers\" \/>\n<meta property=\"og:description\" content=\"Descripci\u00f3n del producto Al proporcionar tu n\u00famero de tel\u00e9fono m\u00f3vil, aceptas recibir mensajes SMS de CGM Buyers relacionados con actualizaciones y notificaciones de pedidos. Frecuencia de los mensajes La frecuencia de los mensajes puede variar. Tarifas de mensajes y datos Pueden aplicarse tarifas est\u00e1ndar de mensajes y datos, seg\u00fan tu operador. Exclusi\u00f3n voluntaria Puedes optar [&hellip;]\" \/>\n<meta property=\"og:url\" content=\"https:\/\/cgmbuyers.com\/es\/terminos-y-condiciones-de-los-sms\/\" \/>\n<meta property=\"og:site_name\" content=\"CGM Buyers\" \/>\n<meta property=\"article:modified_time\" content=\"2026-02-11T10:51:55+00:00\" \/>\n<meta property=\"og:image\" content=\"https:\/\/cgmbuyers.com\/wp-content\/uploads\/2025\/07\/Logo2.png\" \/>\n\t<meta property=\"og:image:width\" content=\"1200\" \/>\n\t<meta property=\"og:image:height\" content=\"811\" \/>\n\t<meta property=\"og:image:type\" content=\"image\/png\" \/>\n<meta name=\"twitter:card\" content=\"summary_large_image\" \/>\n<meta name=\"twitter:label1\" content=\"Tiempo de lectura\" \/>\n\t<meta name=\"twitter:data1\" content=\"1 minuto\" \/>\n<!-- \/ Yoast SEO plugin. -->","yoast_head_json":{"title":"T\u00e9rminos y condiciones de los SMS - CGM Buyers","robots":{"index":"index","follow":"follow","max-snippet":"max-snippet:-1","max-image-preview":"max-image-preview:large","max-video-preview":"max-video-preview:-1"},"canonical":"https:\/\/cgmbuyers.com\/es\/terminos-y-condiciones-de-los-sms\/","og_locale":"es_ES","og_type":"article","og_title":"T\u00e9rminos y condiciones de los SMS - CGM Buyers","og_description":"Descripci\u00f3n del producto Al proporcionar tu n\u00famero de tel\u00e9fono m\u00f3vil, aceptas recibir mensajes SMS de CGM Buyers relacionados con actualizaciones y notificaciones de pedidos. Frecuencia de los mensajes La frecuencia de los mensajes puede variar. Tarifas de mensajes y datos Pueden aplicarse tarifas est\u00e1ndar de mensajes y datos, seg\u00fan tu operador. Exclusi\u00f3n voluntaria Puedes optar [&hellip;]","og_url":"https:\/\/cgmbuyers.com\/es\/terminos-y-condiciones-de-los-sms\/","og_site_name":"CGM Buyers","article_modified_time":"2026-02-11T10:51:55+00:00","og_image":[{"width":1200,"height":811,"url":"https:\/\/cgmbuyers.com\/wp-content\/uploads\/2025\/07\/Logo2.png","type":"image\/png"}],"twitter_card":"summary_large_image","twitter_misc":{"Tiempo de lectura":"1 minuto"},"schema":{"@context":"https:\/\/schema.org","@graph":[{"@type":"WebPage","@id":"https:\/\/cgmbuyers.com\/es\/terminos-y-condiciones-de-los-sms\/","url":"https:\/\/cgmbuyers.com\/es\/terminos-y-condiciones-de-los-sms\/","name":"T\u00e9rminos y condiciones de los SMS - CGM Buyers","isPartOf":{"@id":"https:\/\/cgmbuyers.com\/es\/#website"},"datePublished":"2025-07-11T19:10:13+00:00","dateModified":"2026-02-11T10:51:55+00:00","breadcrumb":{"@id":"https:\/\/cgmbuyers.com\/es\/terminos-y-condiciones-de-los-sms\/#breadcrumb"},"inLanguage":"es","potentialAction":[{"@type":"ReadAction","target":["https:\/\/cgmbuyers.com\/es\/terminos-y-condiciones-de-los-sms\/"]}]},{"@type":"BreadcrumbList","@id":"https:\/\/cgmbuyers.com\/es\/terminos-y-condiciones-de-los-sms\/#breadcrumb","itemListElement":[{"@type":"ListItem","position":1,"name":"Home","item":"https:\/\/cgmbuyers.com\/es\/"},{"@type":"ListItem","position":2,"name":"T\u00e9rminos y condiciones de los SMS"}]},{"@type":"WebSite","@id":"https:\/\/cgmbuyers.com\/es\/#website","url":"https:\/\/cgmbuyers.com\/es\/","name":"CGM Buyers","description":"","publisher":{"@id":"https:\/\/cgmbuyers.com\/es\/#organization"},"potentialAction":[{"@type":"SearchAction","target":{"@type":"EntryPoint","urlTemplate":"https:\/\/cgmbuyers.com\/es\/?s={search_term_string}"},"query-input":{"@type":"PropertyValueSpecification","valueRequired":true,"valueName":"search_term_string"}}],"inLanguage":"es"},{"@type":"Organization","@id":"https:\/\/cgmbuyers.com\/es\/#organization","name":"CGM Buyers","url":"https:\/\/cgmbuyers.com\/es\/","logo":{"@type":"ImageObject","inLanguage":"es","@id":"https:\/\/cgmbuyers.com\/es\/#\/schema\/logo\/image\/","url":"https:\/\/cgmbuyers.com\/wp-content\/uploads\/2025\/07\/cgm-buyers-logo.png","contentUrl":"https:\/\/cgmbuyers.com\/wp-content\/uploads\/2025\/07\/cgm-buyers-logo.png","width":1200,"height":811,"caption":"CGM Buyers"},"image":{"@id":"https:\/\/cgmbuyers.com\/es\/#\/schema\/logo\/image\/"}}]}},"_links":{"self":[{"href":"https:\/\/cgmbuyers.com\/es\/wp-json\/wp\/v2\/pages\/3176","targetHints":{"allow":["GET"]}}],"collection":[{"href":"https:\/\/cgmbuyers.com\/es\/wp-json\/wp\/v2\/pages"}],"about":[{"href":"https:\/\/cgmbuyers.com\/es\/wp-json\/wp\/v2\/types\/page"}],"author":[{"embeddable":true,"href":"https:\/\/cgmbuyers.com\/es\/wp-json\/wp\/v2\/users\/1"}],"replies":[{"embeddable":true,"href":"https:\/\/cgmbuyers.com\/es\/wp-json\/wp\/v2\/comments?post=3176"}],"version-history":[{"count":1,"href":"https:\/\/cgmbuyers.com\/es\/wp-json\/wp\/v2\/pages\/3176\/revisions"}],"predecessor-version":[{"id":3177,"href":"https:\/\/cgmbuyers.com\/es\/wp-json\/wp\/v2\/pages\/3176\/revisions\/3177"}],"wp:attachment":[{"href":"https:\/\/cgmbuyers.com\/es\/wp-json\/wp\/v2\/media?parent=3176"}],"curies":[{"name":"wp","href":"https:\/\/api.w.org\/{rel}","templated":true}]}}