{"id":3174,"date":"2025-07-11T19:05:10","date_gmt":"2025-07-11T19:05:10","guid":{"rendered":"https:\/\/cgmbuyers.com\/terminos-y-condiciones\/"},"modified":"2026-02-11T10:50:53","modified_gmt":"2026-02-11T10:50:53","slug":"terminos-y-condiciones","status":"publish","type":"page","link":"https:\/\/cgmbuyers.com\/es\/terminos-y-condiciones\/","title":{"rendered":"T\u00e9rminos y condiciones"},"content":{"rendered":"\t\t<div data-elementor-type=\"wp-page\" data-elementor-id=\"3174\" class=\"elementor elementor-3174 elementor-1024\" data-elementor-post-type=\"page\">\n\t\t\t\t<div class=\"elementor-element elementor-element-e65b8fe e-flex e-con-boxed e-con e-parent\" data-id=\"e65b8fe\" data-element_type=\"container\" data-settings=\"{&quot;background_background&quot;:&quot;classic&quot;}\">\n\t\t\t\t\t<div class=\"e-con-inner\">\n\t\t\t\t<div class=\"elementor-element elementor-element-0cf78b9 elementor-widget elementor-widget-heading\" data-id=\"0cf78b9\" data-element_type=\"widget\" data-widget_type=\"heading.default\">\n\t\t\t\t\t<h1 class=\"elementor-heading-title elementor-size-default\">T\u00e9rminos y condiciones<\/h1>\t\t\t\t<\/div>\n\t\t\t\t<div class=\"elementor-element elementor-element-4969394 elementor-widget elementor-widget-woocommerce-breadcrumb\" data-id=\"4969394\" data-element_type=\"widget\" data-widget_type=\"woocommerce-breadcrumb.default\">\n\t\t\t\t\t<nav class=\"woocommerce-breadcrumb\" aria-label=\"Breadcrumb\">Inicio<\/nav>\t\t\t\t<\/div>\n\t\t\t\t\t<\/div>\n\t\t\t\t<\/div>\n\t\t<div class=\"elementor-element elementor-element-2a48b5b e-flex e-con-boxed e-con e-parent\" data-id=\"2a48b5b\" data-element_type=\"container\">\n\t\t\t\t\t<div class=\"e-con-inner\">\n\t\t\t\t<div class=\"elementor-element elementor-element-15d56ea2 elementor-widget elementor-widget-text-editor\" data-id=\"15d56ea2\" data-element_type=\"widget\" data-widget_type=\"text-editor.default\">\n\t\t\t\t\t\t\t\t\t<p>Por favor, lee atentamente estos t\u00e9rminos y condiciones antes de utilizar los servicios proporcionados por CGM Buyers (\u201cnosotros\u201d, \u201cnuestro\/a\u201d). Al utilizar nuestro sitio web o participar en cualquier transacci\u00f3n con nosotros, aceptas cumplir y quedar sujeto a los siguientes t\u00e9rminos y condiciones. <\/p><h4>1. Informaci\u00f3n general<\/h4><p>CGM Buyers es una empresa que compra tiras reactivas de glucosa para la diabetes, monitores continuos de glucosa (MCG) y suministros para bombas de insulina sin usar o excedentes. La compra de estos art\u00edculos est\u00e1 sujeta a los t\u00e9rminos descritos en este documento. <\/p><h4>2. Requisitos<\/h4><p>Para vender tiras reactivas, MCG y suministros para bombas de insulina a CGM Buyers, debes:<br>&#8211; Ser el propietario leg\u00edtimo de los productos.<br>&#8211; Tener al menos 18 a\u00f1os de edad o contar con el consentimiento de un tutor legal si eres menor de 18 a\u00f1os.<br>&#8211; Asegurarte de que los productos sean v\u00e1lidos y no hayan caducado.<br>&#8211; Cumplir con todas las leyes aplicables, incluidas las relacionadas con la venta de suministros m\u00e9dicos.<\/p><h4>3. Requisitos del producto<\/h4><p>Solo compramos productos que cumplan los siguientes criterios:<\/p><p>&#8211; Todas las tiras reactivas, los MCG y los suministros para bombas de insulina deben estar sellados y en su embalaje original.<\/p><p>&#8211; Las tiras reactivas no deben estar caducadas, excluyendo los art\u00edculos especificados que no se aceptar\u00e1n si han caducado hace m\u00e1s de un a\u00f1o. No se aceptar\u00e1n art\u00edculos caducados o da\u00f1ados. Para los productos seleccionados que s\u00ed aceptamos caducados, \u00a1solo se aceptar\u00e1n si han caducado en el \u00faltimo a\u00f1o natural!  <\/p><p>&#8211; Los productos deben ser de marcas reconocidas y principales, y estar en buenas condiciones de venta.<\/p><p>&#8211; Los monitores continuos de glucosa y los suministros para bombas de insulina deben estar sin abrir y no haber caducado.<\/p><p>&#8211; CGM Buyers no aceptar\u00e1 ninguna caja que llegue abierta, manchada, sucia o gravemente da\u00f1ada. Esto se extiende a los da\u00f1os por agua, tinta y rotulador. CGM Buyers puede ofrecer la mitad del precio por cajas con rasgaduras, peque\u00f1os desgarros, ara\u00f1azos, golpes, hendiduras o cajas ligeramente aplastadas. Cualquier suministro que se considere un riesgo para la seguridad, por ejemplo, suministros usados, precintos rotos, se desechar\u00e1. Esto tambi\u00e9n se aplica a cualquier fecha de caducidad en la caja que haya sido manipulada. Los suministros no ser\u00e1n devueltos.     <\/p><p>&#8211; No se aceptar\u00e1n los pedidos inferiores a 35 $ y no se podr\u00e1n pagar.<\/p><p>Nos reservamos el derecho de rechazar cualquier art\u00edculo que no cumpla estas condiciones.<\/p><h4>4. Precios y pago<\/h4><p>El precio ofrecido por tus tiras reactivas, MCG y suministros para bombas de insulina se determinar\u00e1 seg\u00fan el estado y la marca de los productos. Una vez que recibamos tus art\u00edculos, los inspeccionaremos y te haremos una oferta final. Si aceptas nuestra oferta:<br>&#8211; El pago se realizar\u00e1 mediante el m\u00e9todo acordado (por ejemplo, cheque, PayPal, etc.).<br>&#8211; Los pagos se procesar\u00e1n en un plazo de un d\u00eda h\u00e1bil despu\u00e9s de recibir e inspeccionar los art\u00edculos.<br>&#8211; Nos reservamos el derecho de ajustar el pago final en funci\u00f3n del estado de los art\u00edculos recibidos.  <\/p><h4>5. Env\u00edo y manipulaci\u00f3n<\/h4><p>&#8211; Gastos de env\u00edo: Cuando realizas un pedido con nosotros, pagamos el env\u00edo envi\u00e1ndote una etiqueta de USPS. Te proporcionaremos instrucciones para el env\u00edo cuando se realice un pedido. <br>&#8211; Devoluci\u00f3n del env\u00edo: No te devolvemos los productos, por favor, aseg\u00farate de que tus productos est\u00e9n en las condiciones que indicaste en el formulario de pedido.<br>&#8211; Riesgos de env\u00edo: No nos hacemos responsables de ning\u00fan art\u00edculo perdido o da\u00f1ado durante el proceso de env\u00edo.<\/p><h4>6. Propiedad del producto y cumplimiento legal<\/h4><p>Al vender tiras reactivas, MCG y suministros para bombas de insulina a CGM Buyers, declaras y garantizas que:<br>&#8211; Eres el propietario legal de los art\u00edculos y tienes derecho a venderlos.<br>&#8211; La venta de dichos art\u00edculos cumple con todas las leyes y regulaciones aplicables.<br>&#8211; Los art\u00edculos no son falsificados ni robados.<br>&#8211; Nos reservamos el derecho de rechazar cualquier transacci\u00f3n si sospechamos que los art\u00edculos no se han obtenido legalmente o si violan alguna ley.<\/p><h4>7. Descargos de responsabilidad<\/h4><p>&#8211; Exactitud de la informaci\u00f3n: No ofrecemos garant\u00edas ni representaciones con respecto a la exactitud o integridad de las descripciones de los productos o los precios en nuestro sitio web.<br>&#8211; Responsabilidad: CGM Buyers no se responsabiliza de ning\u00fan da\u00f1o, p\u00e9rdida o lesi\u00f3n que surja del uso, la venta o la compra de tiras reactivas, MCG o suministros para bombas de insulina.<br>&#8211; Uso del producto: Los productos comprados a nosotros est\u00e1n destinados \u00fanicamente para uso personal. No nos hacemos responsables de ning\u00fan problema de salud o consecuencia relacionada con su uso. <\/p><h4>8. Privacidad<\/h4><p>Valoramos tu privacidad y solo utilizaremos tu informaci\u00f3n personal de acuerdo con nuestra Pol\u00edtica de privacidad. Al proporcionar tu informaci\u00f3n personal, consientes su uso tal como se describe en nuestra Pol\u00edtica de privacidad. <\/p><h4>9. Cambios en los T\u00e9rminos y condiciones<\/h4><p>Estos t\u00e9rminos y condiciones se rigen e interpretan de acuerdo con las leyes de los Estados Unidos de Am\u00e9rica. Cualquier disputa que surja de estos t\u00e9rminos se resolver\u00e1 en los tribunales de los Estados Unidos de Am\u00e9rica. <\/p><h4>10. Ley aplicable<\/h4><p>Estos t\u00e9rminos y condiciones se rigen e interpretan de acuerdo con las leyes de los Estados Unidos de Am\u00e9rica. Cualquier disputa que surja de estos t\u00e9rminos se resolver\u00e1 en los tribunales de los Estados Unidos de Am\u00e9rica. <\/p><h4>11. Informaci\u00f3n de contacto<\/h4><p>Si tienes alguna pregunta o inquietud con respecto a estos t\u00e9rminos y condiciones, por favor, cont\u00e1ctanos en:<br>CGM Buyers<br>8 Morningside CT Flemington NJ 08822<\/p><p>Al utilizar nuestros servicios, reconoces que has le\u00eddo, comprendido y aceptado estos t\u00e9rminos y condiciones.<\/p>\t\t\t\t\t\t\t\t<\/div>\n\t\t\t\t\t<\/div>\n\t\t\t\t<\/div>\n\t\t\t\t<\/div>\n\t\t","protected":false},"excerpt":{"rendered":"<p>T\u00e9rminos y condiciones Por favor, lee atentamente estos t\u00e9rminos y condiciones antes de utilizar los servicios proporcionados por CGM Buyers (\u201cnosotros\u201d, \u201cnuestro\/a\u201d). Al utilizar nuestro sitio web o participar en cualquier transacci\u00f3n con nosotros, aceptas cumplir y quedar sujeto a los siguientes t\u00e9rminos y condiciones. 1. Informaci\u00f3n general CGM Buyers es una empresa que compra [&hellip;]<\/p>\n","protected":false},"author":1,"featured_media":0,"parent":0,"menu_order":0,"comment_status":"closed","ping_status":"closed","template":"","meta":{"footnotes":""},"class_list":["post-3174","page","type-page","status-publish","hentry"],"yoast_head":"<!-- This site is optimized with the Yoast SEO plugin v26.6 - https:\/\/yoast.com\/wordpress\/plugins\/seo\/ -->\n<title>T\u00e9rminos y condiciones - CGM Buyers<\/title>\n<meta name=\"robots\" content=\"index, follow, max-snippet:-1, max-image-preview:large, max-video-preview:-1\" \/>\n<link rel=\"canonical\" href=\"https:\/\/cgmbuyers.com\/es\/terminos-y-condiciones\/\" \/>\n<meta property=\"og:locale\" content=\"es_ES\" \/>\n<meta property=\"og:type\" content=\"article\" \/>\n<meta property=\"og:title\" content=\"T\u00e9rminos y condiciones - CGM Buyers\" \/>\n<meta property=\"og:description\" content=\"T\u00e9rminos y condiciones Por favor, lee atentamente estos t\u00e9rminos y condiciones antes de utilizar los servicios proporcionados por CGM Buyers (\u201cnosotros\u201d, \u201cnuestro\/a\u201d). Al utilizar nuestro sitio web o participar en cualquier transacci\u00f3n con nosotros, aceptas cumplir y quedar sujeto a los siguientes t\u00e9rminos y condiciones. 1. Informaci\u00f3n general CGM Buyers es una empresa que compra [&hellip;]\" \/>\n<meta property=\"og:url\" content=\"https:\/\/cgmbuyers.com\/es\/terminos-y-condiciones\/\" \/>\n<meta property=\"og:site_name\" content=\"CGM Buyers\" \/>\n<meta property=\"article:modified_time\" content=\"2026-02-11T10:50:53+00:00\" \/>\n<meta property=\"og:image\" content=\"https:\/\/cgmbuyers.com\/wp-content\/uploads\/2025\/07\/Logo2.png\" \/>\n\t<meta property=\"og:image:width\" content=\"1200\" \/>\n\t<meta property=\"og:image:height\" content=\"811\" \/>\n\t<meta property=\"og:image:type\" content=\"image\/png\" \/>\n<meta name=\"twitter:card\" content=\"summary_large_image\" \/>\n<meta name=\"twitter:label1\" content=\"Tiempo de lectura\" \/>\n\t<meta name=\"twitter:data1\" content=\"5 minutos\" \/>\n<!-- \/ Yoast SEO plugin. -->","yoast_head_json":{"title":"T\u00e9rminos y condiciones - CGM Buyers","robots":{"index":"index","follow":"follow","max-snippet":"max-snippet:-1","max-image-preview":"max-image-preview:large","max-video-preview":"max-video-preview:-1"},"canonical":"https:\/\/cgmbuyers.com\/es\/terminos-y-condiciones\/","og_locale":"es_ES","og_type":"article","og_title":"T\u00e9rminos y condiciones - CGM Buyers","og_description":"T\u00e9rminos y condiciones Por favor, lee atentamente estos t\u00e9rminos y condiciones antes de utilizar los servicios proporcionados por CGM Buyers (\u201cnosotros\u201d, \u201cnuestro\/a\u201d). Al utilizar nuestro sitio web o participar en cualquier transacci\u00f3n con nosotros, aceptas cumplir y quedar sujeto a los siguientes t\u00e9rminos y condiciones. 1. Informaci\u00f3n general CGM Buyers es una empresa que compra [&hellip;]","og_url":"https:\/\/cgmbuyers.com\/es\/terminos-y-condiciones\/","og_site_name":"CGM Buyers","article_modified_time":"2026-02-11T10:50:53+00:00","og_image":[{"width":1200,"height":811,"url":"https:\/\/cgmbuyers.com\/wp-content\/uploads\/2025\/07\/Logo2.png","type":"image\/png"}],"twitter_card":"summary_large_image","twitter_misc":{"Tiempo de lectura":"5 minutos"},"schema":{"@context":"https:\/\/schema.org","@graph":[{"@type":"WebPage","@id":"https:\/\/cgmbuyers.com\/es\/terminos-y-condiciones\/","url":"https:\/\/cgmbuyers.com\/es\/terminos-y-condiciones\/","name":"T\u00e9rminos y condiciones - CGM Buyers","isPartOf":{"@id":"https:\/\/cgmbuyers.com\/es\/#website"},"datePublished":"2025-07-11T19:05:10+00:00","dateModified":"2026-02-11T10:50:53+00:00","breadcrumb":{"@id":"https:\/\/cgmbuyers.com\/es\/terminos-y-condiciones\/#breadcrumb"},"inLanguage":"es","potentialAction":[{"@type":"ReadAction","target":["https:\/\/cgmbuyers.com\/es\/terminos-y-condiciones\/"]}]},{"@type":"BreadcrumbList","@id":"https:\/\/cgmbuyers.com\/es\/terminos-y-condiciones\/#breadcrumb","itemListElement":[{"@type":"ListItem","position":1,"name":"Home","item":"https:\/\/cgmbuyers.com\/es\/"},{"@type":"ListItem","position":2,"name":"T\u00e9rminos y condiciones"}]},{"@type":"WebSite","@id":"https:\/\/cgmbuyers.com\/es\/#website","url":"https:\/\/cgmbuyers.com\/es\/","name":"CGM Buyers","description":"","publisher":{"@id":"https:\/\/cgmbuyers.com\/es\/#organization"},"potentialAction":[{"@type":"SearchAction","target":{"@type":"EntryPoint","urlTemplate":"https:\/\/cgmbuyers.com\/es\/?s={search_term_string}"},"query-input":{"@type":"PropertyValueSpecification","valueRequired":true,"valueName":"search_term_string"}}],"inLanguage":"es"},{"@type":"Organization","@id":"https:\/\/cgmbuyers.com\/es\/#organization","name":"CGM Buyers","url":"https:\/\/cgmbuyers.com\/es\/","logo":{"@type":"ImageObject","inLanguage":"es","@id":"https:\/\/cgmbuyers.com\/es\/#\/schema\/logo\/image\/","url":"https:\/\/cgmbuyers.com\/wp-content\/uploads\/2025\/07\/cgm-buyers-logo.png","contentUrl":"https:\/\/cgmbuyers.com\/wp-content\/uploads\/2025\/07\/cgm-buyers-logo.png","width":1200,"height":811,"caption":"CGM Buyers"},"image":{"@id":"https:\/\/cgmbuyers.com\/es\/#\/schema\/logo\/image\/"}}]}},"_links":{"self":[{"href":"https:\/\/cgmbuyers.com\/es\/wp-json\/wp\/v2\/pages\/3174","targetHints":{"allow":["GET"]}}],"collection":[{"href":"https:\/\/cgmbuyers.com\/es\/wp-json\/wp\/v2\/pages"}],"about":[{"href":"https:\/\/cgmbuyers.com\/es\/wp-json\/wp\/v2\/types\/page"}],"author":[{"embeddable":true,"href":"https:\/\/cgmbuyers.com\/es\/wp-json\/wp\/v2\/users\/1"}],"replies":[{"embeddable":true,"href":"https:\/\/cgmbuyers.com\/es\/wp-json\/wp\/v2\/comments?post=3174"}],"version-history":[{"count":1,"href":"https:\/\/cgmbuyers.com\/es\/wp-json\/wp\/v2\/pages\/3174\/revisions"}],"predecessor-version":[{"id":3175,"href":"https:\/\/cgmbuyers.com\/es\/wp-json\/wp\/v2\/pages\/3174\/revisions\/3175"}],"wp:attachment":[{"href":"https:\/\/cgmbuyers.com\/es\/wp-json\/wp\/v2\/media?parent=3174"}],"curies":[{"name":"wp","href":"https:\/\/api.w.org\/{rel}","templated":true}]}}